{"id":5,"date":"2021-01-08T21:42:28","date_gmt":"2021-01-08T21:42:28","guid":{"rendered":"http:\/\/ancaradministradora.com\/?page_id=5"},"modified":"2021-01-15T16:31:48","modified_gmt":"2021-01-15T16:31:48","slug":"crea-tu-web-con-bloques","status":"publish","type":"page","link":"https:\/\/ancaradministradora.com\/","title":{"rendered":"Somos"},"content":{"rendered":"\n<div class=\"wp-block-columns is-layout-flex wp-container-core-columns-is-layout-9d6595d7 wp-block-columns-is-layout-flex\">\n<div class=\"wp-block-column is-layout-flow wp-block-column-is-layout-flow\" style=\"flex-basis:100%\">\n<h2 class=\"wp-block-heading\">Administradora inmobiliaria<\/h2>\n<\/div>\n<\/div>\n\n\n\n<div style=\"height:100px\" aria-hidden=\"true\" class=\"wp-block-spacer\"><\/div>\n\n\n\n<div class=\"wp-block-columns alignwide are-vertically-aligned-center is-style-twentytwentyone-columns-overlap is-layout-flex wp-container-core-columns-is-layout-9d6595d7 wp-block-columns-is-layout-flex\">\n<div class=\"wp-block-column is-vertically-aligned-center is-layout-flow wp-block-column-is-layout-flow\">\n<figure class=\"wp-block-image alignfull size-large\"><img loading=\"lazy\" decoding=\"async\" width=\"1024\" height=\"620\" src=\"http:\/\/ancaradministradora.com\/wp-content\/uploads\/2021\/01\/inmbueble3-1024x620.jpg\" alt=\"\" class=\"wp-image-32\" srcset=\"https:\/\/ancaradministradora.com\/wp-content\/uploads\/2021\/01\/inmbueble3-1024x620.jpg 1024w, https:\/\/ancaradministradora.com\/wp-content\/uploads\/2021\/01\/inmbueble3-300x181.jpg 300w, https:\/\/ancaradministradora.com\/wp-content\/uploads\/2021\/01\/inmbueble3-768x465.jpg 768w, https:\/\/ancaradministradora.com\/wp-content\/uploads\/2021\/01\/inmbueble3-1536x929.jpg 1536w, https:\/\/ancaradministradora.com\/wp-content\/uploads\/2021\/01\/inmbueble3-2048x1239.jpg 2048w, https:\/\/ancaradministradora.com\/wp-content\/uploads\/2021\/01\/inmbueble3-1568x949.jpg 1568w\" sizes=\"auto, (max-width: 1024px) 100vw, 1024px\" \/><\/figure>\n\n\n\n<div style=\"height:100px\" aria-hidden=\"true\" class=\"wp-block-spacer\"><\/div>\n\n\n\n<figure class=\"wp-block-image alignfull size-large is-style-twentytwentyone-image-frame\"><img loading=\"lazy\" decoding=\"async\" width=\"1024\" height=\"768\" src=\"http:\/\/ancaradministradora.com\/wp-content\/uploads\/2021\/01\/inmbueble4-1024x768.jpg\" alt=\"\" class=\"wp-image-31\" srcset=\"https:\/\/ancaradministradora.com\/wp-content\/uploads\/2021\/01\/inmbueble4-1024x768.jpg 1024w, https:\/\/ancaradministradora.com\/wp-content\/uploads\/2021\/01\/inmbueble4-300x225.jpg 300w, https:\/\/ancaradministradora.com\/wp-content\/uploads\/2021\/01\/inmbueble4-768x576.jpg 768w, https:\/\/ancaradministradora.com\/wp-content\/uploads\/2021\/01\/inmbueble4.jpg 1512w\" sizes=\"auto, (max-width: 1024px) 100vw, 1024px\" \/><\/figure>\n<\/div>\n\n\n\n<div class=\"wp-block-column is-vertically-aligned-center is-layout-flow wp-block-column-is-layout-flow\">\n<div style=\"height:100px\" aria-hidden=\"true\" class=\"wp-block-spacer\"><\/div>\n\n\n\n<figure class=\"wp-block-image size-large alignfull size-full is-style-twentytwentyone-border\"><img loading=\"lazy\" decoding=\"async\" width=\"768\" height=\"1024\" src=\"http:\/\/ancaradministradora.com\/wp-content\/uploads\/2021\/01\/inmbueble2-768x1024.jpg\" alt=\"\" class=\"wp-image-33\" srcset=\"https:\/\/ancaradministradora.com\/wp-content\/uploads\/2021\/01\/inmbueble2-768x1024.jpg 768w, https:\/\/ancaradministradora.com\/wp-content\/uploads\/2021\/01\/inmbueble2-225x300.jpg 225w, https:\/\/ancaradministradora.com\/wp-content\/uploads\/2021\/01\/inmbueble2-1152x1536.jpg 1152w, https:\/\/ancaradministradora.com\/wp-content\/uploads\/2021\/01\/inmbueble2.jpg 1512w\" sizes=\"auto, (max-width: 768px) 100vw, 768px\" \/><\/figure>\n<\/div>\n<\/div>\n\n\n\n<div style=\"height:50px\" aria-hidden=\"true\" class=\"wp-block-spacer\"><\/div>\n\n\n\n<div class=\"wp-block-columns alignwide are-vertically-aligned-top is-layout-flex wp-container-core-columns-is-layout-9d6595d7 wp-block-columns-is-layout-flex\">\n<div class=\"wp-block-column is-vertically-aligned-top is-layout-flow wp-block-column-is-layout-flow\">\n<h3 class=\"wp-block-heading\">Planifica<\/h3>\n\n\n\n<p>\u00bfQu\u00e9 har\u00edas si pudieras transformar tu futuro? \u00bfC\u00f3mo es esa casa que siempre quisiste?<br>No podemos so\u00f1ar con tu vida ideal, pero s\u00ed podemos ayudarte a encontrarla.<\/p>\n<\/div>\n\n\n\n<div class=\"wp-block-column is-vertically-aligned-top is-layout-flow wp-block-column-is-layout-flow\">\n<h3 class=\"wp-block-heading\">Somos ANCAR <\/h3>\n\n\n\n<p>Contamos con gran variedad de propiedades y te asesoraremos para que tu inversi\u00f3n sea un \u00e9xito.<\/p>\n<\/div>\n\n\n\n<div class=\"wp-block-column is-vertically-aligned-top is-layout-flow wp-block-column-is-layout-flow\">\n<h3 class=\"wp-block-heading\">Administradora Inmobiliaria<\/h3>\n\n\n\n<p>Somos una empresa fundada en los pilares de la honradez, responsabilidad y profesionalismo, por lo que hemos alcanzado reconocimiento por un trabajo \u00e9tico, buscando siempre sumar valor a los objetivos de nuestros clientes.<\/p>\n<\/div>\n<\/div>\n\n\n\n<div style=\"height:100px\" aria-hidden=\"true\" class=\"wp-block-spacer\"><\/div>\n\n\n\n<p><\/p>\n","protected":false},"excerpt":{"rendered":"<p>Administradora inmobiliaria Planifica \u00bfQu\u00e9 har\u00edas si pudieras transformar tu futuro? \u00bfC\u00f3mo es esa casa que siempre quisiste?No podemos so\u00f1ar con tu vida ideal, pero s\u00ed podemos ayudarte a encontrarla. Somos ANCAR Contamos con gran variedad de propiedades y te asesoraremos para que tu inversi\u00f3n sea un \u00e9xito. Administradora Inmobiliaria Somos una empresa fundada en los&hellip; <a class=\"more-link\" href=\"https:\/\/ancaradministradora.com\/\">Seguir leyendo <span class=\"screen-reader-text\">Somos<\/span><\/a><\/p>\n","protected":false},"author":1,"featured_media":0,"parent":0,"menu_order":0,"comment_status":"closed","ping_status":"closed","template":"","meta":{"footnotes":""},"class_list":["post-5","page","type-page","status-publish","hentry","entry"],"yoast_head":"<!-- This site is optimized with the Yoast SEO plugin v23.7 - https:\/\/yoast.com\/wordpress\/plugins\/seo\/ -->\n<title>Somos - Ancar Administradora<\/title>\n<meta name=\"robots\" content=\"index, follow, max-snippet:-1, max-image-preview:large, max-video-preview:-1\" \/>\n<link rel=\"canonical\" href=\"https:\/\/ancaradministradora.com\/\" \/>\n<meta property=\"og:locale\" content=\"es_MX\" \/>\n<meta property=\"og:type\" content=\"article\" \/>\n<meta property=\"og:title\" content=\"Somos - Ancar Administradora\" \/>\n<meta property=\"og:description\" content=\"Administradora inmobiliaria Planifica \u00bfQu\u00e9 har\u00edas si pudieras transformar tu futuro? \u00bfC\u00f3mo es esa casa que siempre quisiste?No podemos so\u00f1ar con tu vida ideal, pero s\u00ed podemos ayudarte a encontrarla. Somos ANCAR Contamos con gran variedad de propiedades y te asesoraremos para que tu inversi\u00f3n sea un \u00e9xito. Administradora Inmobiliaria Somos una empresa fundada en los&hellip; Seguir leyendo Somos\" \/>\n<meta property=\"og:url\" content=\"https:\/\/ancaradministradora.com\/\" \/>\n<meta property=\"og:site_name\" content=\"Ancar Administradora\" \/>\n<meta property=\"article:modified_time\" content=\"2021-01-15T16:31:48+00:00\" \/>\n<meta property=\"og:image\" content=\"http:\/\/ancaradministradora.com\/wp-content\/uploads\/2021\/01\/inmbueble3-1024x620.jpg\" \/>\n<meta name=\"twitter:card\" content=\"summary_large_image\" \/>\n<script type=\"application\/ld+json\" class=\"yoast-schema-graph\">{\"@context\":\"https:\/\/schema.org\",\"@graph\":[{\"@type\":\"WebPage\",\"@id\":\"https:\/\/ancaradministradora.com\/\",\"url\":\"https:\/\/ancaradministradora.com\/\",\"name\":\"Somos - Ancar Administradora\",\"isPartOf\":{\"@id\":\"https:\/\/ancaradministradora.com\/#website\"},\"primaryImageOfPage\":{\"@id\":\"https:\/\/ancaradministradora.com\/#primaryimage\"},\"image\":{\"@id\":\"https:\/\/ancaradministradora.com\/#primaryimage\"},\"thumbnailUrl\":\"http:\/\/ancaradministradora.com\/wp-content\/uploads\/2021\/01\/inmbueble3-1024x620.jpg\",\"datePublished\":\"2021-01-08T21:42:28+00:00\",\"dateModified\":\"2021-01-15T16:31:48+00:00\",\"breadcrumb\":{\"@id\":\"https:\/\/ancaradministradora.com\/#breadcrumb\"},\"inLanguage\":\"es\",\"potentialAction\":[{\"@type\":\"ReadAction\",\"target\":[\"https:\/\/ancaradministradora.com\/\"]}]},{\"@type\":\"ImageObject\",\"inLanguage\":\"es\",\"@id\":\"https:\/\/ancaradministradora.com\/#primaryimage\",\"url\":\"https:\/\/ancaradministradora.com\/wp-content\/uploads\/2021\/01\/inmbueble3.jpg\",\"contentUrl\":\"https:\/\/ancaradministradora.com\/wp-content\/uploads\/2021\/01\/inmbueble3.jpg\",\"width\":2448,\"height\":1481},{\"@type\":\"BreadcrumbList\",\"@id\":\"https:\/\/ancaradministradora.com\/#breadcrumb\",\"itemListElement\":[{\"@type\":\"ListItem\",\"position\":1,\"name\":\"Inicio\",\"item\":\"https:\/\/ancaradministradora.com\/\"},{\"@type\":\"ListItem\",\"position\":2,\"name\":\"Somos\"}]},{\"@type\":\"WebSite\",\"@id\":\"https:\/\/ancaradministradora.com\/#website\",\"url\":\"https:\/\/ancaradministradora.com\/\",\"name\":\"Ancar Administradora\",\"description\":\"Administradora Inmobiliaria\",\"publisher\":{\"@id\":\"https:\/\/ancaradministradora.com\/#organization\"},\"potentialAction\":[{\"@type\":\"SearchAction\",\"target\":{\"@type\":\"EntryPoint\",\"urlTemplate\":\"https:\/\/ancaradministradora.com\/?s={search_term_string}\"},\"query-input\":{\"@type\":\"PropertyValueSpecification\",\"valueRequired\":true,\"valueName\":\"search_term_string\"}}],\"inLanguage\":\"es\"},{\"@type\":\"Organization\",\"@id\":\"https:\/\/ancaradministradora.com\/#organization\",\"name\":\"Ancar Administradora\",\"url\":\"https:\/\/ancaradministradora.com\/\",\"logo\":{\"@type\":\"ImageObject\",\"inLanguage\":\"es\",\"@id\":\"https:\/\/ancaradministradora.com\/#\/schema\/logo\/image\/\",\"url\":\"https:\/\/ancaradministradora.com\/wp-content\/uploads\/2021\/01\/favicoAncar.png\",\"contentUrl\":\"https:\/\/ancaradministradora.com\/wp-content\/uploads\/2021\/01\/favicoAncar.png\",\"width\":512,\"height\":512,\"caption\":\"Ancar Administradora\"},\"image\":{\"@id\":\"https:\/\/ancaradministradora.com\/#\/schema\/logo\/image\/\"}}]}<\/script>\n<!-- \/ Yoast SEO plugin. -->","yoast_head_json":{"title":"Somos - Ancar Administradora","robots":{"index":"index","follow":"follow","max-snippet":"max-snippet:-1","max-image-preview":"max-image-preview:large","max-video-preview":"max-video-preview:-1"},"canonical":"https:\/\/ancaradministradora.com\/","og_locale":"es_MX","og_type":"article","og_title":"Somos - Ancar Administradora","og_description":"Administradora inmobiliaria Planifica \u00bfQu\u00e9 har\u00edas si pudieras transformar tu futuro? \u00bfC\u00f3mo es esa casa que siempre quisiste?No podemos so\u00f1ar con tu vida ideal, pero s\u00ed podemos ayudarte a encontrarla. Somos ANCAR Contamos con gran variedad de propiedades y te asesoraremos para que tu inversi\u00f3n sea un \u00e9xito. Administradora Inmobiliaria Somos una empresa fundada en los&hellip; Seguir leyendo Somos","og_url":"https:\/\/ancaradministradora.com\/","og_site_name":"Ancar Administradora","article_modified_time":"2021-01-15T16:31:48+00:00","og_image":[{"url":"http:\/\/ancaradministradora.com\/wp-content\/uploads\/2021\/01\/inmbueble3-1024x620.jpg"}],"twitter_card":"summary_large_image","schema":{"@context":"https:\/\/schema.org","@graph":[{"@type":"WebPage","@id":"https:\/\/ancaradministradora.com\/","url":"https:\/\/ancaradministradora.com\/","name":"Somos - Ancar Administradora","isPartOf":{"@id":"https:\/\/ancaradministradora.com\/#website"},"primaryImageOfPage":{"@id":"https:\/\/ancaradministradora.com\/#primaryimage"},"image":{"@id":"https:\/\/ancaradministradora.com\/#primaryimage"},"thumbnailUrl":"http:\/\/ancaradministradora.com\/wp-content\/uploads\/2021\/01\/inmbueble3-1024x620.jpg","datePublished":"2021-01-08T21:42:28+00:00","dateModified":"2021-01-15T16:31:48+00:00","breadcrumb":{"@id":"https:\/\/ancaradministradora.com\/#breadcrumb"},"inLanguage":"es","potentialAction":[{"@type":"ReadAction","target":["https:\/\/ancaradministradora.com\/"]}]},{"@type":"ImageObject","inLanguage":"es","@id":"https:\/\/ancaradministradora.com\/#primaryimage","url":"https:\/\/ancaradministradora.com\/wp-content\/uploads\/2021\/01\/inmbueble3.jpg","contentUrl":"https:\/\/ancaradministradora.com\/wp-content\/uploads\/2021\/01\/inmbueble3.jpg","width":2448,"height":1481},{"@type":"BreadcrumbList","@id":"https:\/\/ancaradministradora.com\/#breadcrumb","itemListElement":[{"@type":"ListItem","position":1,"name":"Inicio","item":"https:\/\/ancaradministradora.com\/"},{"@type":"ListItem","position":2,"name":"Somos"}]},{"@type":"WebSite","@id":"https:\/\/ancaradministradora.com\/#website","url":"https:\/\/ancaradministradora.com\/","name":"Ancar Administradora","description":"Administradora Inmobiliaria","publisher":{"@id":"https:\/\/ancaradministradora.com\/#organization"},"potentialAction":[{"@type":"SearchAction","target":{"@type":"EntryPoint","urlTemplate":"https:\/\/ancaradministradora.com\/?s={search_term_string}"},"query-input":{"@type":"PropertyValueSpecification","valueRequired":true,"valueName":"search_term_string"}}],"inLanguage":"es"},{"@type":"Organization","@id":"https:\/\/ancaradministradora.com\/#organization","name":"Ancar Administradora","url":"https:\/\/ancaradministradora.com\/","logo":{"@type":"ImageObject","inLanguage":"es","@id":"https:\/\/ancaradministradora.com\/#\/schema\/logo\/image\/","url":"https:\/\/ancaradministradora.com\/wp-content\/uploads\/2021\/01\/favicoAncar.png","contentUrl":"https:\/\/ancaradministradora.com\/wp-content\/uploads\/2021\/01\/favicoAncar.png","width":512,"height":512,"caption":"Ancar Administradora"},"image":{"@id":"https:\/\/ancaradministradora.com\/#\/schema\/logo\/image\/"}}]}},"jetpack_sharing_enabled":true,"_links":{"self":[{"href":"https:\/\/ancaradministradora.com\/index.php\/wp-json\/wp\/v2\/pages\/5","targetHints":{"allow":["GET"]}}],"collection":[{"href":"https:\/\/ancaradministradora.com\/index.php\/wp-json\/wp\/v2\/pages"}],"about":[{"href":"https:\/\/ancaradministradora.com\/index.php\/wp-json\/wp\/v2\/types\/page"}],"author":[{"embeddable":true,"href":"https:\/\/ancaradministradora.com\/index.php\/wp-json\/wp\/v2\/users\/1"}],"replies":[{"embeddable":true,"href":"https:\/\/ancaradministradora.com\/index.php\/wp-json\/wp\/v2\/comments?post=5"}],"version-history":[{"count":8,"href":"https:\/\/ancaradministradora.com\/index.php\/wp-json\/wp\/v2\/pages\/5\/revisions"}],"predecessor-version":[{"id":45,"href":"https:\/\/ancaradministradora.com\/index.php\/wp-json\/wp\/v2\/pages\/5\/revisions\/45"}],"wp:attachment":[{"href":"https:\/\/ancaradministradora.com\/index.php\/wp-json\/wp\/v2\/media?parent=5"}],"curies":[{"name":"wp","href":"https:\/\/api.w.org\/{rel}","templated":true}]}}